{"id":1070,"date":"2018-02-26T13:37:56","date_gmt":"2018-02-26T12:37:56","guid":{"rendered":"https:\/\/vineyardsbordeaux.com\/?page_id=1070"},"modified":"2020-06-17T14:52:21","modified_gmt":"2020-06-17T12:52:21","slug":"equipe-transactions-vignobles","status":"publish","type":"page","link":"https:\/\/vineyardsbordeaux.com\/fr\/equipe-transactions-vignobles\/","title":{"rendered":"\u00c0 Propos"},"content":{"rendered":"","protected":false},"excerpt":{"rendered":"","protected":false},"author":1,"featured_media":0,"parent":0,"menu_order":0,"comment_status":"closed","ping_status":"closed","template":"template-modular.php","meta":{"_acf_changed":false,"footnotes":""},"class_list":["post-1070","page","type-page","status-publish","hentry"],"acf":[],"yoast_head":"<!-- This site is optimized with the Yoast SEO plugin v27.3 - https:\/\/yoast.com\/product\/yoast-seo-wordpress\/ -->\n<title>\u00c0 Propos - Vineyards Bordeaux : sp\u00e9cialistes en ventes de vignobles<\/title>\n<meta name=\"description\" content=\"Vineyards-Bordeaux est un conseiller en investissement sp\u00e9cialis\u00e9 dans les transactions viticoles. La mission de l\u2019\u00e9quipe est de travailler avec...\" \/>\n<meta name=\"robots\" content=\"index, follow, max-snippet:-1, max-image-preview:large, max-video-preview:-1\" \/>\n<link rel=\"canonical\" href=\"https:\/\/vineyardsbordeaux.com\/fr\/equipe-transactions-vignobles\/\" \/>\n<meta property=\"og:locale\" content=\"fr_FR\" \/>\n<meta property=\"og:type\" content=\"article\" \/>\n<meta property=\"og:title\" content=\"\u00c0 Propos - Vineyards Bordeaux : sp\u00e9cialistes en ventes de vignobles\" \/>\n<meta property=\"og:description\" content=\"Vineyards-Bordeaux est un conseiller en investissement sp\u00e9cialis\u00e9 dans les transactions viticoles. La mission de l\u2019\u00e9quipe est de travailler avec les vendeurs et les acheteurs potentiels pour parvenir \u00e0 un consensus permettant un changement de propri\u00e9taire en douceur. Un d\u00e9fi primordial pour nous.\" \/>\n<meta property=\"og:url\" content=\"https:\/\/vineyardsbordeaux.com\/fr\/equipe-transactions-vignobles\/\" \/>\n<meta property=\"og:site_name\" content=\"Vineyards Bordeaux\" \/>\n<meta property=\"article:modified_time\" content=\"2020-06-17T12:52:21+00:00\" \/>\n<meta name=\"twitter:card\" content=\"summary_large_image\" \/>\n<script type=\"application\/ld+json\" class=\"yoast-schema-graph\">{\"@context\":\"https:\\\/\\\/schema.org\",\"@graph\":[{\"@type\":\"WebPage\",\"@id\":\"https:\\\/\\\/vineyardsbordeaux.com\\\/fr\\\/equipe-transactions-vignobles\\\/\",\"url\":\"https:\\\/\\\/vineyardsbordeaux.com\\\/fr\\\/equipe-transactions-vignobles\\\/\",\"name\":\"\u00c0 Propos - Vineyards Bordeaux : sp\u00e9cialistes en ventes de vignobles\",\"isPartOf\":{\"@id\":\"https:\\\/\\\/vineyardsbordeaux.com\\\/fr\\\/#website\"},\"datePublished\":\"2018-02-26T12:37:56+00:00\",\"dateModified\":\"2020-06-17T12:52:21+00:00\",\"description\":\"Vineyards-Bordeaux est un conseiller en investissement sp\u00e9cialis\u00e9 dans les transactions viticoles. La mission de l\u2019\u00e9quipe est de travailler avec les vendeurs et les acheteurs potentiels pour parvenir \u00e0 un consensus permettant un changement de propri\u00e9taire en douceur. Un d\u00e9fi primordial pour nous.\",\"breadcrumb\":{\"@id\":\"https:\\\/\\\/vineyardsbordeaux.com\\\/fr\\\/equipe-transactions-vignobles\\\/#breadcrumb\"},\"inLanguage\":\"fr-FR\",\"potentialAction\":[{\"@type\":\"ReadAction\",\"target\":[\"https:\\\/\\\/vineyardsbordeaux.com\\\/fr\\\/equipe-transactions-vignobles\\\/\"]}]},{\"@type\":\"BreadcrumbList\",\"@id\":\"https:\\\/\\\/vineyardsbordeaux.com\\\/fr\\\/equipe-transactions-vignobles\\\/#breadcrumb\",\"itemListElement\":[{\"@type\":\"ListItem\",\"position\":1,\"name\":\"Home\",\"item\":\"https:\\\/\\\/vineyardsbordeaux.com\\\/fr\\\/\"},{\"@type\":\"ListItem\",\"position\":2,\"name\":\"\u00c0 Propos\"}]},{\"@type\":\"WebSite\",\"@id\":\"https:\\\/\\\/vineyardsbordeaux.com\\\/fr\\\/#website\",\"url\":\"https:\\\/\\\/vineyardsbordeaux.com\\\/fr\\\/\",\"name\":\"Vineyards Bordeaux\",\"description\":\"Sp\u00e9cialistes en fusions et acquisitions \",\"publisher\":{\"@id\":\"https:\\\/\\\/vineyardsbordeaux.com\\\/fr\\\/#organization\"},\"potentialAction\":[{\"@type\":\"SearchAction\",\"target\":{\"@type\":\"EntryPoint\",\"urlTemplate\":\"https:\\\/\\\/vineyardsbordeaux.com\\\/fr\\\/?s={search_term_string}\"},\"query-input\":{\"@type\":\"PropertyValueSpecification\",\"valueRequired\":true,\"valueName\":\"search_term_string\"}}],\"inLanguage\":\"fr-FR\"},{\"@type\":\"Organization\",\"@id\":\"https:\\\/\\\/vineyardsbordeaux.com\\\/fr\\\/#organization\",\"name\":\"Vineyards Bordeaux\",\"url\":\"https:\\\/\\\/vineyardsbordeaux.com\\\/fr\\\/\",\"logo\":{\"@type\":\"ImageObject\",\"inLanguage\":\"fr-FR\",\"@id\":\"https:\\\/\\\/vineyardsbordeaux.com\\\/fr\\\/#\\\/schema\\\/logo\\\/image\\\/\",\"url\":\"https:\\\/\\\/vineyardsbordeaux.com\\\/wp-content\\\/uploads\\\/2020\\\/06\\\/vineyards-bordeaux-site-logo-white.png\",\"contentUrl\":\"https:\\\/\\\/vineyardsbordeaux.com\\\/wp-content\\\/uploads\\\/2020\\\/06\\\/vineyards-bordeaux-site-logo-white.png\",\"width\":350,\"height\":46,\"caption\":\"Vineyards Bordeaux\"},\"image\":{\"@id\":\"https:\\\/\\\/vineyardsbordeaux.com\\\/fr\\\/#\\\/schema\\\/logo\\\/image\\\/\"}}]}<\/script>\n<!-- \/ Yoast SEO plugin. -->","yoast_head_json":{"title":"\u00c0 Propos - Vineyards Bordeaux : sp\u00e9cialistes en ventes de vignobles","description":"Vineyards-Bordeaux est un conseiller en investissement sp\u00e9cialis\u00e9 dans les transactions viticoles. La mission de l\u2019\u00e9quipe est de travailler avec...","robots":{"index":"index","follow":"follow","max-snippet":"max-snippet:-1","max-image-preview":"max-image-preview:large","max-video-preview":"max-video-preview:-1"},"canonical":"https:\/\/vineyardsbordeaux.com\/fr\/equipe-transactions-vignobles\/","og_locale":"fr_FR","og_type":"article","og_title":"\u00c0 Propos - Vineyards Bordeaux : sp\u00e9cialistes en ventes de vignobles","og_description":"Vineyards-Bordeaux est un conseiller en investissement sp\u00e9cialis\u00e9 dans les transactions viticoles. La mission de l\u2019\u00e9quipe est de travailler avec les vendeurs et les acheteurs potentiels pour parvenir \u00e0 un consensus permettant un changement de propri\u00e9taire en douceur. Un d\u00e9fi primordial pour nous.","og_url":"https:\/\/vineyardsbordeaux.com\/fr\/equipe-transactions-vignobles\/","og_site_name":"Vineyards Bordeaux","article_modified_time":"2020-06-17T12:52:21+00:00","twitter_card":"summary_large_image","schema":{"@context":"https:\/\/schema.org","@graph":[{"@type":"WebPage","@id":"https:\/\/vineyardsbordeaux.com\/fr\/equipe-transactions-vignobles\/","url":"https:\/\/vineyardsbordeaux.com\/fr\/equipe-transactions-vignobles\/","name":"\u00c0 Propos - Vineyards Bordeaux : sp\u00e9cialistes en ventes de vignobles","isPartOf":{"@id":"https:\/\/vineyardsbordeaux.com\/fr\/#website"},"datePublished":"2018-02-26T12:37:56+00:00","dateModified":"2020-06-17T12:52:21+00:00","description":"Vineyards-Bordeaux est un conseiller en investissement sp\u00e9cialis\u00e9 dans les transactions viticoles. La mission de l\u2019\u00e9quipe est de travailler avec les vendeurs et les acheteurs potentiels pour parvenir \u00e0 un consensus permettant un changement de propri\u00e9taire en douceur. Un d\u00e9fi primordial pour nous.","breadcrumb":{"@id":"https:\/\/vineyardsbordeaux.com\/fr\/equipe-transactions-vignobles\/#breadcrumb"},"inLanguage":"fr-FR","potentialAction":[{"@type":"ReadAction","target":["https:\/\/vineyardsbordeaux.com\/fr\/equipe-transactions-vignobles\/"]}]},{"@type":"BreadcrumbList","@id":"https:\/\/vineyardsbordeaux.com\/fr\/equipe-transactions-vignobles\/#breadcrumb","itemListElement":[{"@type":"ListItem","position":1,"name":"Home","item":"https:\/\/vineyardsbordeaux.com\/fr\/"},{"@type":"ListItem","position":2,"name":"\u00c0 Propos"}]},{"@type":"WebSite","@id":"https:\/\/vineyardsbordeaux.com\/fr\/#website","url":"https:\/\/vineyardsbordeaux.com\/fr\/","name":"Vineyards Bordeaux","description":"Sp\u00e9cialistes en fusions et acquisitions ","publisher":{"@id":"https:\/\/vineyardsbordeaux.com\/fr\/#organization"},"potentialAction":[{"@type":"SearchAction","target":{"@type":"EntryPoint","urlTemplate":"https:\/\/vineyardsbordeaux.com\/fr\/?s={search_term_string}"},"query-input":{"@type":"PropertyValueSpecification","valueRequired":true,"valueName":"search_term_string"}}],"inLanguage":"fr-FR"},{"@type":"Organization","@id":"https:\/\/vineyardsbordeaux.com\/fr\/#organization","name":"Vineyards Bordeaux","url":"https:\/\/vineyardsbordeaux.com\/fr\/","logo":{"@type":"ImageObject","inLanguage":"fr-FR","@id":"https:\/\/vineyardsbordeaux.com\/fr\/#\/schema\/logo\/image\/","url":"https:\/\/vineyardsbordeaux.com\/wp-content\/uploads\/2020\/06\/vineyards-bordeaux-site-logo-white.png","contentUrl":"https:\/\/vineyardsbordeaux.com\/wp-content\/uploads\/2020\/06\/vineyards-bordeaux-site-logo-white.png","width":350,"height":46,"caption":"Vineyards Bordeaux"},"image":{"@id":"https:\/\/vineyardsbordeaux.com\/fr\/#\/schema\/logo\/image\/"}}]}},"_links":{"self":[{"href":"https:\/\/vineyardsbordeaux.com\/fr\/wp-json\/wp\/v2\/pages\/1070","targetHints":{"allow":["GET"]}}],"collection":[{"href":"https:\/\/vineyardsbordeaux.com\/fr\/wp-json\/wp\/v2\/pages"}],"about":[{"href":"https:\/\/vineyardsbordeaux.com\/fr\/wp-json\/wp\/v2\/types\/page"}],"author":[{"embeddable":true,"href":"https:\/\/vineyardsbordeaux.com\/fr\/wp-json\/wp\/v2\/users\/1"}],"replies":[{"embeddable":true,"href":"https:\/\/vineyardsbordeaux.com\/fr\/wp-json\/wp\/v2\/comments?post=1070"}],"version-history":[{"count":3,"href":"https:\/\/vineyardsbordeaux.com\/fr\/wp-json\/wp\/v2\/pages\/1070\/revisions"}],"predecessor-version":[{"id":1155,"href":"https:\/\/vineyardsbordeaux.com\/fr\/wp-json\/wp\/v2\/pages\/1070\/revisions\/1155"}],"wp:attachment":[{"href":"https:\/\/vineyardsbordeaux.com\/fr\/wp-json\/wp\/v2\/media?parent=1070"}],"curies":[{"name":"wp","href":"https:\/\/api.w.org\/{rel}","templated":true}]}}