{"id":1086,"date":"2018-02-26T13:47:10","date_gmt":"2018-02-26T12:47:10","guid":{"rendered":"https:\/\/vineyardsbordeaux.com\/?page_id=1086"},"modified":"2020-06-17T14:40:12","modified_gmt":"2020-06-17T12:40:12","slug":"contacter","status":"publish","type":"page","link":"https:\/\/vineyardsbordeaux.com\/fr\/contacter\/","title":{"rendered":"Contacter Vineyards-Bordeaux"},"content":{"rendered":"","protected":false},"excerpt":{"rendered":"","protected":false},"author":1,"featured_media":0,"parent":0,"menu_order":0,"comment_status":"closed","ping_status":"closed","template":"template-modular.php","meta":{"_acf_changed":false,"footnotes":""},"class_list":["post-1086","page","type-page","status-publish","hentry"],"acf":[],"yoast_head":"<!-- This site is optimized with the Yoast SEO plugin v27.3 - https:\/\/yoast.com\/product\/yoast-seo-wordpress\/ -->\n<title>Contactez Vineyards-Bordeaux, sp\u00e9cialiste des ventes viticoles<\/title>\n<meta name=\"description\" content=\"Contactez Vineyards-Bordeaux d\u00e8s aujourd&#039;hui. Nous serions ravis de vous aider \u00e0 trouver votre vignoble id\u00e9al, et de vous guider tout au long du...\" \/>\n<meta name=\"robots\" content=\"index, follow, max-snippet:-1, max-image-preview:large, max-video-preview:-1\" \/>\n<link rel=\"canonical\" href=\"https:\/\/vineyardsbordeaux.com\/fr\/contacter\/\" \/>\n<meta property=\"og:locale\" content=\"fr_FR\" \/>\n<meta property=\"og:type\" content=\"article\" \/>\n<meta property=\"og:title\" content=\"Contactez Vineyards-Bordeaux, sp\u00e9cialiste des ventes viticoles\" \/>\n<meta property=\"og:description\" content=\"Contactez Vineyards-Bordeaux d\u00e8s aujourd&#039;hui. Nous serions ravis de vous aider \u00e0 trouver votre vignoble id\u00e9al, et de vous guider tout au long du processus complexe d&#039;une transaction viticole.\" \/>\n<meta property=\"og:url\" content=\"https:\/\/vineyardsbordeaux.com\/fr\/contacter\/\" \/>\n<meta property=\"og:site_name\" content=\"Vineyards Bordeaux\" \/>\n<meta property=\"article:modified_time\" content=\"2020-06-17T12:40:12+00:00\" \/>\n<meta name=\"twitter:card\" content=\"summary_large_image\" \/>\n<script type=\"application\/ld+json\" class=\"yoast-schema-graph\">{\"@context\":\"https:\\\/\\\/schema.org\",\"@graph\":[{\"@type\":\"WebPage\",\"@id\":\"https:\\\/\\\/vineyardsbordeaux.com\\\/fr\\\/contacter\\\/\",\"url\":\"https:\\\/\\\/vineyardsbordeaux.com\\\/fr\\\/contacter\\\/\",\"name\":\"Contactez Vineyards-Bordeaux, sp\u00e9cialiste des ventes viticoles\",\"isPartOf\":{\"@id\":\"https:\\\/\\\/vineyardsbordeaux.com\\\/fr\\\/#website\"},\"datePublished\":\"2018-02-26T12:47:10+00:00\",\"dateModified\":\"2020-06-17T12:40:12+00:00\",\"description\":\"Contactez Vineyards-Bordeaux d\u00e8s aujourd'hui. Nous serions ravis de vous aider \u00e0 trouver votre vignoble id\u00e9al, et de vous guider tout au long du processus complexe d'une transaction viticole.\",\"breadcrumb\":{\"@id\":\"https:\\\/\\\/vineyardsbordeaux.com\\\/fr\\\/contacter\\\/#breadcrumb\"},\"inLanguage\":\"fr-FR\",\"potentialAction\":[{\"@type\":\"ReadAction\",\"target\":[\"https:\\\/\\\/vineyardsbordeaux.com\\\/fr\\\/contacter\\\/\"]}]},{\"@type\":\"BreadcrumbList\",\"@id\":\"https:\\\/\\\/vineyardsbordeaux.com\\\/fr\\\/contacter\\\/#breadcrumb\",\"itemListElement\":[{\"@type\":\"ListItem\",\"position\":1,\"name\":\"Home\",\"item\":\"https:\\\/\\\/vineyardsbordeaux.com\\\/fr\\\/\"},{\"@type\":\"ListItem\",\"position\":2,\"name\":\"Contacter Vineyards-Bordeaux\"}]},{\"@type\":\"WebSite\",\"@id\":\"https:\\\/\\\/vineyardsbordeaux.com\\\/fr\\\/#website\",\"url\":\"https:\\\/\\\/vineyardsbordeaux.com\\\/fr\\\/\",\"name\":\"Vineyards Bordeaux\",\"description\":\"Sp\u00e9cialistes en fusions et acquisitions \",\"publisher\":{\"@id\":\"https:\\\/\\\/vineyardsbordeaux.com\\\/fr\\\/#organization\"},\"potentialAction\":[{\"@type\":\"SearchAction\",\"target\":{\"@type\":\"EntryPoint\",\"urlTemplate\":\"https:\\\/\\\/vineyardsbordeaux.com\\\/fr\\\/?s={search_term_string}\"},\"query-input\":{\"@type\":\"PropertyValueSpecification\",\"valueRequired\":true,\"valueName\":\"search_term_string\"}}],\"inLanguage\":\"fr-FR\"},{\"@type\":\"Organization\",\"@id\":\"https:\\\/\\\/vineyardsbordeaux.com\\\/fr\\\/#organization\",\"name\":\"Vineyards Bordeaux\",\"url\":\"https:\\\/\\\/vineyardsbordeaux.com\\\/fr\\\/\",\"logo\":{\"@type\":\"ImageObject\",\"inLanguage\":\"fr-FR\",\"@id\":\"https:\\\/\\\/vineyardsbordeaux.com\\\/fr\\\/#\\\/schema\\\/logo\\\/image\\\/\",\"url\":\"https:\\\/\\\/vineyardsbordeaux.com\\\/wp-content\\\/uploads\\\/2020\\\/06\\\/vineyards-bordeaux-site-logo-white.png\",\"contentUrl\":\"https:\\\/\\\/vineyardsbordeaux.com\\\/wp-content\\\/uploads\\\/2020\\\/06\\\/vineyards-bordeaux-site-logo-white.png\",\"width\":350,\"height\":46,\"caption\":\"Vineyards Bordeaux\"},\"image\":{\"@id\":\"https:\\\/\\\/vineyardsbordeaux.com\\\/fr\\\/#\\\/schema\\\/logo\\\/image\\\/\"}}]}<\/script>\n<!-- \/ Yoast SEO plugin. -->","yoast_head_json":{"title":"Contactez Vineyards-Bordeaux, sp\u00e9cialiste des ventes viticoles","description":"Contactez Vineyards-Bordeaux d\u00e8s aujourd'hui. Nous serions ravis de vous aider \u00e0 trouver votre vignoble id\u00e9al, et de vous guider tout au long du...","robots":{"index":"index","follow":"follow","max-snippet":"max-snippet:-1","max-image-preview":"max-image-preview:large","max-video-preview":"max-video-preview:-1"},"canonical":"https:\/\/vineyardsbordeaux.com\/fr\/contacter\/","og_locale":"fr_FR","og_type":"article","og_title":"Contactez Vineyards-Bordeaux, sp\u00e9cialiste des ventes viticoles","og_description":"Contactez Vineyards-Bordeaux d\u00e8s aujourd'hui. Nous serions ravis de vous aider \u00e0 trouver votre vignoble id\u00e9al, et de vous guider tout au long du processus complexe d'une transaction viticole.","og_url":"https:\/\/vineyardsbordeaux.com\/fr\/contacter\/","og_site_name":"Vineyards Bordeaux","article_modified_time":"2020-06-17T12:40:12+00:00","twitter_card":"summary_large_image","schema":{"@context":"https:\/\/schema.org","@graph":[{"@type":"WebPage","@id":"https:\/\/vineyardsbordeaux.com\/fr\/contacter\/","url":"https:\/\/vineyardsbordeaux.com\/fr\/contacter\/","name":"Contactez Vineyards-Bordeaux, sp\u00e9cialiste des ventes viticoles","isPartOf":{"@id":"https:\/\/vineyardsbordeaux.com\/fr\/#website"},"datePublished":"2018-02-26T12:47:10+00:00","dateModified":"2020-06-17T12:40:12+00:00","description":"Contactez Vineyards-Bordeaux d\u00e8s aujourd'hui. Nous serions ravis de vous aider \u00e0 trouver votre vignoble id\u00e9al, et de vous guider tout au long du processus complexe d'une transaction viticole.","breadcrumb":{"@id":"https:\/\/vineyardsbordeaux.com\/fr\/contacter\/#breadcrumb"},"inLanguage":"fr-FR","potentialAction":[{"@type":"ReadAction","target":["https:\/\/vineyardsbordeaux.com\/fr\/contacter\/"]}]},{"@type":"BreadcrumbList","@id":"https:\/\/vineyardsbordeaux.com\/fr\/contacter\/#breadcrumb","itemListElement":[{"@type":"ListItem","position":1,"name":"Home","item":"https:\/\/vineyardsbordeaux.com\/fr\/"},{"@type":"ListItem","position":2,"name":"Contacter Vineyards-Bordeaux"}]},{"@type":"WebSite","@id":"https:\/\/vineyardsbordeaux.com\/fr\/#website","url":"https:\/\/vineyardsbordeaux.com\/fr\/","name":"Vineyards Bordeaux","description":"Sp\u00e9cialistes en fusions et acquisitions ","publisher":{"@id":"https:\/\/vineyardsbordeaux.com\/fr\/#organization"},"potentialAction":[{"@type":"SearchAction","target":{"@type":"EntryPoint","urlTemplate":"https:\/\/vineyardsbordeaux.com\/fr\/?s={search_term_string}"},"query-input":{"@type":"PropertyValueSpecification","valueRequired":true,"valueName":"search_term_string"}}],"inLanguage":"fr-FR"},{"@type":"Organization","@id":"https:\/\/vineyardsbordeaux.com\/fr\/#organization","name":"Vineyards Bordeaux","url":"https:\/\/vineyardsbordeaux.com\/fr\/","logo":{"@type":"ImageObject","inLanguage":"fr-FR","@id":"https:\/\/vineyardsbordeaux.com\/fr\/#\/schema\/logo\/image\/","url":"https:\/\/vineyardsbordeaux.com\/wp-content\/uploads\/2020\/06\/vineyards-bordeaux-site-logo-white.png","contentUrl":"https:\/\/vineyardsbordeaux.com\/wp-content\/uploads\/2020\/06\/vineyards-bordeaux-site-logo-white.png","width":350,"height":46,"caption":"Vineyards Bordeaux"},"image":{"@id":"https:\/\/vineyardsbordeaux.com\/fr\/#\/schema\/logo\/image\/"}}]}},"_links":{"self":[{"href":"https:\/\/vineyardsbordeaux.com\/fr\/wp-json\/wp\/v2\/pages\/1086","targetHints":{"allow":["GET"]}}],"collection":[{"href":"https:\/\/vineyardsbordeaux.com\/fr\/wp-json\/wp\/v2\/pages"}],"about":[{"href":"https:\/\/vineyardsbordeaux.com\/fr\/wp-json\/wp\/v2\/types\/page"}],"author":[{"embeddable":true,"href":"https:\/\/vineyardsbordeaux.com\/fr\/wp-json\/wp\/v2\/users\/1"}],"replies":[{"embeddable":true,"href":"https:\/\/vineyardsbordeaux.com\/fr\/wp-json\/wp\/v2\/comments?post=1086"}],"version-history":[{"count":3,"href":"https:\/\/vineyardsbordeaux.com\/fr\/wp-json\/wp\/v2\/pages\/1086\/revisions"}],"predecessor-version":[{"id":1100,"href":"https:\/\/vineyardsbordeaux.com\/fr\/wp-json\/wp\/v2\/pages\/1086\/revisions\/1100"}],"wp:attachment":[{"href":"https:\/\/vineyardsbordeaux.com\/fr\/wp-json\/wp\/v2\/media?parent=1086"}],"curies":[{"name":"wp","href":"https:\/\/api.w.org\/{rel}","templated":true}]}}