{"id":55224,"date":"2024-02-22T11:19:31","date_gmt":"2024-02-22T10:19:31","guid":{"rendered":"https:\/\/vineyardsbordeaux.com\/?page_id=55224"},"modified":"2024-02-26T10:47:11","modified_gmt":"2024-02-26T09:47:11","slug":"honoraires","status":"publish","type":"page","link":"https:\/\/vineyardsbordeaux.com\/fr\/honoraires\/","title":{"rendered":"Honoraires"},"content":{"rendered":"\n<h2 class=\"wp-block-heading\">VENTE (pleine propri\u00e9t\u00e9)<\/h2>\n\n\n\n<h3 class=\"wp-block-heading\"><strong>Maxwell-Baynes, appartements, maisons, h\u00f4tels particuliers et ch\u00e2teaux<\/strong><\/h3>\n\n\n\n<p>D\u00e9partements de Nouvelle-Aquitaine&nbsp;: Gironde, Dordogne, Lot-et-Garonne, Gers, Landes, Charente, Charente-Maritime, Vienne, Les Deux-S\u00e8vres<\/p>\n\n\n\n<p>Agence de Saint Emilion &#8211; Le Presbyt\u00e8re, Gabiran 33350 M\u00e9rignas<br>Agence de Bordeaux \u2013 28 cours du chapeau rouge 33000 Bordeaux<br>Agence du Pyla \u2013 149 boulevard de l\u2019oc\u00e9an 33115 Pyla-sur-Mer<br>Agence de La Rochelle \u2013 27 quai Valin 17000 La Rochelle<\/p>\n\n\n\n<h5 class=\"wp-block-heading\">MANDAT DE VENTE<\/h5>\n\n\n\n<figure class=\"wp-block-table\"><table><tbody><tr><td>Prix de vente inf\u00e9rieur \u00e0 650 000 \u20ac<\/td><td>7% T.T.C. (soit 5,83% H.T.)&nbsp;\u00e0 la charge du vendeur<\/td><\/tr><tr><td>Prix de vente sup\u00e9rieur \u00e0 650 001 \u20ac<\/td><td>6% T.T.C. (soit 5% H.T.)&nbsp;\u00e0 la charge du vendeur<\/td><\/tr><\/tbody><\/table><\/figure>\n\n\n\n<h5 class=\"wp-block-heading\">MANDAT DE N\u00c9GOCIATION D&rsquo;ACHAT<\/h5>\n\n\n\n<figure class=\"wp-block-table\"><table><tbody><tr><td>6% T.T.C. \u00e0 la charge de l&rsquo;acqu\u00e9reur<\/td><\/tr><\/tbody><\/table><\/figure>\n\n\n\n<h5 class=\"wp-block-heading\">AVIS DE VALEUR<\/h5>\n\n\n\n<figure class=\"wp-block-table\"><table><tbody><tr><td>Forfait<\/td><td>2 500 \u20ac H.T &#8211; 3 000 \u20ac T.T.C&nbsp;\u00e0 la charge du vendeur<\/td><\/tr><\/tbody><\/table><\/figure>\n\n\n\n<h2 class=\"wp-block-heading\"><strong>LOCATION SAISONNI\u00c8RE<\/strong><\/h2>\n\n\n\n<h5 class=\"wp-block-heading\"><strong>MANDAT DE GESTION LOCATIVE \/ LOCATION SAISONNI\u00c8RE<\/strong><\/h5>\n\n\n\n<figure class=\"wp-block-table\"><table><tbody><tr><td>25% T.T.C. (20,83% H.T.) \u00e0 la charge du propri\u00e9taire<\/td><\/tr><\/tbody><\/table><\/figure>\n\n\n\n<p>Bar\u00e8me en vigueur au 29 septembre 2020<br>T.V.A : 20%<\/p>\n\n\n\n<p><strong>La soci\u00e9t\u00e9 Maxwell-Baynes ne d\u00e9tient aucun fonds pour le compte de ses clients et ne re\u00e7oit d&rsquo;eux que le paiement de ses honoraires.<br>En Gestion Locative, Garantie financi\u00e8re de 400 000 \u20ac, par AXA France IARD \u2013 313, Terrasses de l\u2019Arche \u2013 92727 Nanterre Cedex<\/strong><\/p>\n","protected":false},"excerpt":{"rendered":"<p>VENTE (pleine propri\u00e9t\u00e9) Maxwell-Baynes, appartements, maisons, h\u00f4tels particuliers et ch\u00e2teaux D\u00e9partements de Nouvelle-Aquitaine&nbsp;: Gironde, Dordogne, Lot-et-Garonne, Gers, Landes, Charente, Charente-Maritime, Vienne, Les Deux-S\u00e8vres Agence de Saint Emilion &#8211; Le Presbyt\u00e8re, Gabiran 33350 M\u00e9rignasAgence de Bordeaux \u2013 28 cours du chapeau rouge 33000 BordeauxAgence du Pyla \u2013 149 boulevard de l\u2019oc\u00e9an 33115 Pyla-sur-MerAgence de La Rochelle [&hellip;]<\/p>\n","protected":false},"author":1,"featured_media":0,"parent":0,"menu_order":0,"comment_status":"closed","ping_status":"closed","template":"template-full-width.php","meta":{"_acf_changed":false,"footnotes":""},"class_list":["post-55224","page","type-page","status-publish","hentry"],"acf":[],"yoast_head":"<!-- This site is optimized with the Yoast SEO plugin v27.3 - https:\/\/yoast.com\/product\/yoast-seo-wordpress\/ -->\n<title>Honoraires - Vineyards Bordeaux<\/title>\n<meta name=\"robots\" content=\"index, follow, max-snippet:-1, max-image-preview:large, max-video-preview:-1\" \/>\n<link rel=\"canonical\" href=\"https:\/\/vineyardsbordeaux.com\/fr\/honoraires\/\" \/>\n<meta property=\"og:locale\" content=\"fr_FR\" \/>\n<meta property=\"og:type\" content=\"article\" \/>\n<meta property=\"og:title\" content=\"Honoraires - Vineyards Bordeaux\" \/>\n<meta property=\"og:description\" content=\"VENTE (pleine propri\u00e9t\u00e9) Maxwell-Baynes, appartements, maisons, h\u00f4tels particuliers et ch\u00e2teaux D\u00e9partements de Nouvelle-Aquitaine&nbsp;: Gironde, Dordogne, Lot-et-Garonne, Gers, Landes, Charente, Charente-Maritime, Vienne, Les Deux-S\u00e8vres Agence de Saint Emilion &#8211; Le Presbyt\u00e8re, Gabiran 33350 M\u00e9rignasAgence de Bordeaux \u2013 28 cours du chapeau rouge 33000 BordeauxAgence du Pyla \u2013 149 boulevard de l\u2019oc\u00e9an 33115 Pyla-sur-MerAgence de La Rochelle [&hellip;]\" \/>\n<meta property=\"og:url\" content=\"https:\/\/vineyardsbordeaux.com\/fr\/honoraires\/\" \/>\n<meta property=\"og:site_name\" content=\"Vineyards Bordeaux\" \/>\n<meta property=\"article:modified_time\" content=\"2024-02-26T09:47:11+00:00\" \/>\n<meta name=\"twitter:card\" content=\"summary_large_image\" \/>\n<meta name=\"twitter:label1\" content=\"Dur\u00e9e de lecture estim\u00e9e\" \/>\n\t<meta name=\"twitter:data1\" content=\"1 minute\" \/>\n<script type=\"application\/ld+json\" class=\"yoast-schema-graph\">{\"@context\":\"https:\\\/\\\/schema.org\",\"@graph\":[{\"@type\":\"WebPage\",\"@id\":\"https:\\\/\\\/vineyardsbordeaux.com\\\/fr\\\/honoraires\\\/\",\"url\":\"https:\\\/\\\/vineyardsbordeaux.com\\\/fr\\\/honoraires\\\/\",\"name\":\"Honoraires - Vineyards Bordeaux\",\"isPartOf\":{\"@id\":\"https:\\\/\\\/vineyardsbordeaux.com\\\/fr\\\/#website\"},\"datePublished\":\"2024-02-22T10:19:31+00:00\",\"dateModified\":\"2024-02-26T09:47:11+00:00\",\"breadcrumb\":{\"@id\":\"https:\\\/\\\/vineyardsbordeaux.com\\\/fr\\\/honoraires\\\/#breadcrumb\"},\"inLanguage\":\"fr-FR\",\"potentialAction\":[{\"@type\":\"ReadAction\",\"target\":[\"https:\\\/\\\/vineyardsbordeaux.com\\\/fr\\\/honoraires\\\/\"]}]},{\"@type\":\"BreadcrumbList\",\"@id\":\"https:\\\/\\\/vineyardsbordeaux.com\\\/fr\\\/honoraires\\\/#breadcrumb\",\"itemListElement\":[{\"@type\":\"ListItem\",\"position\":1,\"name\":\"Home\",\"item\":\"https:\\\/\\\/vineyardsbordeaux.com\\\/fr\\\/\"},{\"@type\":\"ListItem\",\"position\":2,\"name\":\"Honoraires\"}]},{\"@type\":\"WebSite\",\"@id\":\"https:\\\/\\\/vineyardsbordeaux.com\\\/fr\\\/#website\",\"url\":\"https:\\\/\\\/vineyardsbordeaux.com\\\/fr\\\/\",\"name\":\"Vineyards Bordeaux\",\"description\":\"Sp\u00e9cialistes en fusions et acquisitions \",\"publisher\":{\"@id\":\"https:\\\/\\\/vineyardsbordeaux.com\\\/fr\\\/#organization\"},\"potentialAction\":[{\"@type\":\"SearchAction\",\"target\":{\"@type\":\"EntryPoint\",\"urlTemplate\":\"https:\\\/\\\/vineyardsbordeaux.com\\\/fr\\\/?s={search_term_string}\"},\"query-input\":{\"@type\":\"PropertyValueSpecification\",\"valueRequired\":true,\"valueName\":\"search_term_string\"}}],\"inLanguage\":\"fr-FR\"},{\"@type\":\"Organization\",\"@id\":\"https:\\\/\\\/vineyardsbordeaux.com\\\/fr\\\/#organization\",\"name\":\"Vineyards Bordeaux\",\"url\":\"https:\\\/\\\/vineyardsbordeaux.com\\\/fr\\\/\",\"logo\":{\"@type\":\"ImageObject\",\"inLanguage\":\"fr-FR\",\"@id\":\"https:\\\/\\\/vineyardsbordeaux.com\\\/fr\\\/#\\\/schema\\\/logo\\\/image\\\/\",\"url\":\"https:\\\/\\\/vineyardsbordeaux.com\\\/wp-content\\\/uploads\\\/2020\\\/06\\\/vineyards-bordeaux-site-logo-white.png\",\"contentUrl\":\"https:\\\/\\\/vineyardsbordeaux.com\\\/wp-content\\\/uploads\\\/2020\\\/06\\\/vineyards-bordeaux-site-logo-white.png\",\"width\":350,\"height\":46,\"caption\":\"Vineyards Bordeaux\"},\"image\":{\"@id\":\"https:\\\/\\\/vineyardsbordeaux.com\\\/fr\\\/#\\\/schema\\\/logo\\\/image\\\/\"}}]}<\/script>\n<!-- \/ Yoast SEO plugin. -->","yoast_head_json":{"title":"Honoraires - Vineyards Bordeaux","robots":{"index":"index","follow":"follow","max-snippet":"max-snippet:-1","max-image-preview":"max-image-preview:large","max-video-preview":"max-video-preview:-1"},"canonical":"https:\/\/vineyardsbordeaux.com\/fr\/honoraires\/","og_locale":"fr_FR","og_type":"article","og_title":"Honoraires - Vineyards Bordeaux","og_description":"VENTE (pleine propri\u00e9t\u00e9) Maxwell-Baynes, appartements, maisons, h\u00f4tels particuliers et ch\u00e2teaux D\u00e9partements de Nouvelle-Aquitaine&nbsp;: Gironde, Dordogne, Lot-et-Garonne, Gers, Landes, Charente, Charente-Maritime, Vienne, Les Deux-S\u00e8vres Agence de Saint Emilion &#8211; Le Presbyt\u00e8re, Gabiran 33350 M\u00e9rignasAgence de Bordeaux \u2013 28 cours du chapeau rouge 33000 BordeauxAgence du Pyla \u2013 149 boulevard de l\u2019oc\u00e9an 33115 Pyla-sur-MerAgence de La Rochelle [&hellip;]","og_url":"https:\/\/vineyardsbordeaux.com\/fr\/honoraires\/","og_site_name":"Vineyards Bordeaux","article_modified_time":"2024-02-26T09:47:11+00:00","twitter_card":"summary_large_image","twitter_misc":{"Dur\u00e9e de lecture estim\u00e9e":"1 minute"},"schema":{"@context":"https:\/\/schema.org","@graph":[{"@type":"WebPage","@id":"https:\/\/vineyardsbordeaux.com\/fr\/honoraires\/","url":"https:\/\/vineyardsbordeaux.com\/fr\/honoraires\/","name":"Honoraires - Vineyards Bordeaux","isPartOf":{"@id":"https:\/\/vineyardsbordeaux.com\/fr\/#website"},"datePublished":"2024-02-22T10:19:31+00:00","dateModified":"2024-02-26T09:47:11+00:00","breadcrumb":{"@id":"https:\/\/vineyardsbordeaux.com\/fr\/honoraires\/#breadcrumb"},"inLanguage":"fr-FR","potentialAction":[{"@type":"ReadAction","target":["https:\/\/vineyardsbordeaux.com\/fr\/honoraires\/"]}]},{"@type":"BreadcrumbList","@id":"https:\/\/vineyardsbordeaux.com\/fr\/honoraires\/#breadcrumb","itemListElement":[{"@type":"ListItem","position":1,"name":"Home","item":"https:\/\/vineyardsbordeaux.com\/fr\/"},{"@type":"ListItem","position":2,"name":"Honoraires"}]},{"@type":"WebSite","@id":"https:\/\/vineyardsbordeaux.com\/fr\/#website","url":"https:\/\/vineyardsbordeaux.com\/fr\/","name":"Vineyards Bordeaux","description":"Sp\u00e9cialistes en fusions et acquisitions ","publisher":{"@id":"https:\/\/vineyardsbordeaux.com\/fr\/#organization"},"potentialAction":[{"@type":"SearchAction","target":{"@type":"EntryPoint","urlTemplate":"https:\/\/vineyardsbordeaux.com\/fr\/?s={search_term_string}"},"query-input":{"@type":"PropertyValueSpecification","valueRequired":true,"valueName":"search_term_string"}}],"inLanguage":"fr-FR"},{"@type":"Organization","@id":"https:\/\/vineyardsbordeaux.com\/fr\/#organization","name":"Vineyards Bordeaux","url":"https:\/\/vineyardsbordeaux.com\/fr\/","logo":{"@type":"ImageObject","inLanguage":"fr-FR","@id":"https:\/\/vineyardsbordeaux.com\/fr\/#\/schema\/logo\/image\/","url":"https:\/\/vineyardsbordeaux.com\/wp-content\/uploads\/2020\/06\/vineyards-bordeaux-site-logo-white.png","contentUrl":"https:\/\/vineyardsbordeaux.com\/wp-content\/uploads\/2020\/06\/vineyards-bordeaux-site-logo-white.png","width":350,"height":46,"caption":"Vineyards Bordeaux"},"image":{"@id":"https:\/\/vineyardsbordeaux.com\/fr\/#\/schema\/logo\/image\/"}}]}},"_links":{"self":[{"href":"https:\/\/vineyardsbordeaux.com\/fr\/wp-json\/wp\/v2\/pages\/55224","targetHints":{"allow":["GET"]}}],"collection":[{"href":"https:\/\/vineyardsbordeaux.com\/fr\/wp-json\/wp\/v2\/pages"}],"about":[{"href":"https:\/\/vineyardsbordeaux.com\/fr\/wp-json\/wp\/v2\/types\/page"}],"author":[{"embeddable":true,"href":"https:\/\/vineyardsbordeaux.com\/fr\/wp-json\/wp\/v2\/users\/1"}],"replies":[{"embeddable":true,"href":"https:\/\/vineyardsbordeaux.com\/fr\/wp-json\/wp\/v2\/comments?post=55224"}],"version-history":[{"count":2,"href":"https:\/\/vineyardsbordeaux.com\/fr\/wp-json\/wp\/v2\/pages\/55224\/revisions"}],"predecessor-version":[{"id":55228,"href":"https:\/\/vineyardsbordeaux.com\/fr\/wp-json\/wp\/v2\/pages\/55224\/revisions\/55228"}],"wp:attachment":[{"href":"https:\/\/vineyardsbordeaux.com\/fr\/wp-json\/wp\/v2\/media?parent=55224"}],"curies":[{"name":"wp","href":"https:\/\/api.w.org\/{rel}","templated":true}]}}